{"id":1268,"date":"2020-04-10T17:56:46","date_gmt":"2020-04-10T15:56:46","guid":{"rendered":"https:\/\/pianoservice.fr\/?page_id=1268"},"modified":"2020-09-01T12:17:11","modified_gmt":"2020-09-01T10:17:11","slug":"nos-services","status":"publish","type":"page","link":"https:\/\/pianoservice.fr\/index.php\/nos-services\/","title":{"rendered":"Nos Services"},"content":{"rendered":"\t\t<div data-elementor-type=\"wp-page\" data-elementor-id=\"1268\" class=\"elementor elementor-1268\">\n\t\t\t\t\t\t<div class=\"elementor-inner\">\n\t\t\t\t<div class=\"elementor-section-wrap\">\n\t\t\t\t\t\t\t\t\t<section class=\"elementor-section elementor-top-section elementor-element elementor-element-4d25ffeb elementor-section-stretched elementor-section-boxed elementor-section-height-default elementor-section-height-default\" data-id=\"4d25ffeb\" data-element_type=\"section\" data-settings=\"{&quot;stretch_section&quot;:&quot;section-stretched&quot;,&quot;background_background&quot;:&quot;classic&quot;}\">\n\t\t\t\t\t\t<div class=\"elementor-container elementor-column-gap-default\">\n\t\t\t\t\t\t\t<div class=\"elementor-row\">\n\t\t\t\t\t<div class=\"elementor-column elementor-col-100 elementor-top-column elementor-element elementor-element-54ba66a9\" data-id=\"54ba66a9\" data-element_type=\"column\">\n\t\t\t<div class=\"elementor-column-wrap elementor-element-populated\">\n\t\t\t\t\t\t\t<div class=\"elementor-widget-wrap\">\n\t\t\t\t\t\t<div class=\"elementor-element elementor-element-2d42017d elementor-widget elementor-widget-heading\" data-id=\"2d42017d\" data-element_type=\"widget\" data-widget_type=\"heading.default\">\n\t\t\t\t<div class=\"elementor-widget-container\">\n\t\t\t<h2 class=\"elementor-heading-title elementor-size-default\">Piano Service met \u00e0 votre disposition toutes ses comp\u00e9tences pour l'accord, l'entretien, la restauration et la manutention de votre piano.<\/h2>\t\t<\/div>\n\t\t\t\t<\/div>\n\t\t\t\t\t\t<\/div>\n\t\t\t\t\t<\/div>\n\t\t<\/div>\n\t\t\t\t\t\t\t\t<\/div>\n\t\t\t\t\t<\/div>\n\t\t<\/section>\n\t\t\t\t<section class=\"elementor-section elementor-top-section elementor-element elementor-element-12c2c0f1 elementor-section-stretched elementor-section-boxed elementor-section-height-default elementor-section-height-default\" data-id=\"12c2c0f1\" data-element_type=\"section\" data-settings=\"{&quot;stretch_section&quot;:&quot;section-stretched&quot;,&quot;background_background&quot;:&quot;classic&quot;}\">\n\t\t\t\t\t\t<div class=\"elementor-container elementor-column-gap-default\">\n\t\t\t\t\t\t\t<div class=\"elementor-row\">\n\t\t\t\t\t<div class=\"elementor-column elementor-col-100 elementor-top-column elementor-element elementor-element-7f99e9b3\" data-id=\"7f99e9b3\" data-element_type=\"column\">\n\t\t\t<div class=\"elementor-column-wrap elementor-element-populated\">\n\t\t\t\t\t\t\t<div class=\"elementor-widget-wrap\">\n\t\t\t\t\t\t<div class=\"elementor-element elementor-element-7784161a elementor-widget elementor-widget-spacer\" data-id=\"7784161a\" data-element_type=\"widget\" data-widget_type=\"spacer.default\">\n\t\t\t\t<div class=\"elementor-widget-container\">\n\t\t\t\t\t<div class=\"elementor-spacer\">\n\t\t\t<div class=\"elementor-spacer-inner\"><\/div>\n\t\t<\/div>\n\t\t\t\t<\/div>\n\t\t\t\t<\/div>\n\t\t\t\t<div class=\"elementor-element elementor-element-2f95b360 elementor-widget elementor-widget-heading\" data-id=\"2f95b360\" data-element_type=\"widget\" data-widget_type=\"heading.default\">\n\t\t\t\t<div class=\"elementor-widget-container\">\n\t\t\t<h2 class=\"elementor-heading-title elementor-size-default\">Piano Service vous propose ...<\/h2>\t\t<\/div>\n\t\t\t\t<\/div>\n\t\t\t\t<div class=\"elementor-element elementor-element-672eecf1 elementor-widget elementor-widget-text-editor\" data-id=\"672eecf1\" data-element_type=\"widget\" data-widget_type=\"text-editor.default\">\n\t\t\t\t<div class=\"elementor-widget-container\">\n\t\t\t\t\t\t\t\t<div class=\"elementor-text-editor elementor-clearfix\">\n\t\t\t\t\t\t\t\t\t<\/div>\n\t\t\t\t\t\t<\/div>\n\t\t\t\t<\/div>\n\t\t\t\t\t\t<\/div>\n\t\t\t\t\t<\/div>\n\t\t<\/div>\n\t\t\t\t\t\t\t\t<\/div>\n\t\t\t\t\t<\/div>\n\t\t<\/section>\n\t\t\t\t<section class=\"elementor-section elementor-top-section elementor-element elementor-element-13d479d2 elementor-section-stretched elementor-section-full_width elementor-section-height-default elementor-section-height-default\" data-id=\"13d479d2\" data-element_type=\"section\" data-settings=\"{&quot;stretch_section&quot;:&quot;section-stretched&quot;,&quot;background_background&quot;:&quot;classic&quot;}\">\n\t\t\t\t\t\t<div class=\"elementor-container elementor-column-gap-default\">\n\t\t\t\t\t\t\t<div class=\"elementor-row\">\n\t\t\t\t\t<div class=\"elementor-column elementor-col-100 elementor-top-column elementor-element elementor-element-646cfd3f\" data-id=\"646cfd3f\" data-element_type=\"column\">\n\t\t\t<div class=\"elementor-column-wrap elementor-element-populated\">\n\t\t\t\t\t\t\t<div class=\"elementor-widget-wrap\">\n\t\t\t\t\t\t<div class=\"elementor-element elementor-element-5d3d3d43 elementor-widget elementor-widget-heading\" data-id=\"5d3d3d43\" data-element_type=\"widget\" data-widget_type=\"heading.default\">\n\t\t\t\t<div class=\"elementor-widget-container\">\n\t\t\t<h2 class=\"elementor-heading-title elementor-size-default\">NOS SERVICES<\/h2>\t\t<\/div>\n\t\t\t\t<\/div>\n\t\t\t\t\t\t<\/div>\n\t\t\t\t\t<\/div>\n\t\t<\/div>\n\t\t\t\t\t\t\t\t<\/div>\n\t\t\t\t\t<\/div>\n\t\t<\/section>\n\t\t\t\t<section class=\"elementor-section elementor-top-section elementor-element elementor-element-5461dcb0 elementor-section-stretched elementor-section-boxed elementor-section-height-default elementor-section-height-default\" data-id=\"5461dcb0\" data-element_type=\"section\" data-settings=\"{&quot;stretch_section&quot;:&quot;section-stretched&quot;,&quot;background_background&quot;:&quot;classic&quot;}\">\n\t\t\t\t\t\t<div class=\"elementor-container elementor-column-gap-default\">\n\t\t\t\t\t\t\t<div class=\"elementor-row\">\n\t\t\t\t\t<div class=\"elementor-column elementor-col-25 elementor-top-column elementor-element elementor-element-14735ded\" data-id=\"14735ded\" data-element_type=\"column\" data-settings=\"{&quot;background_background&quot;:&quot;classic&quot;}\">\n\t\t\t<div class=\"elementor-column-wrap elementor-element-populated\">\n\t\t\t\t\t\t\t<div class=\"elementor-widget-wrap\">\n\t\t\t\t\t\t<div class=\"elementor-element elementor-element-5ea81dd1 elementor-widget elementor-widget-image\" data-id=\"5ea81dd1\" data-element_type=\"widget\" data-widget_type=\"image.default\">\n\t\t\t\t<div class=\"elementor-widget-container\">\n\t\t\t\t\t\t\t\t<div class=\"elementor-image\">\n\t\t\t\t\t\t\t\t\t\t\t\t<img data-recalc-dims=\"1\" decoding=\"async\" src=\"https:\/\/i0.wp.com\/pianoservice.fr\/wp-content\/plugins\/elementor\/assets\/images\/placeholder.png?w=790&#038;ssl=1\" title=\"\" alt=\"\" loading=\"lazy\" \/>\t\t\t\t\t\t\t\t\t\t\t\t\t\t<\/div>\n\t\t\t\t\t\t<\/div>\n\t\t\t\t<\/div>\n\t\t\t\t<div class=\"elementor-element elementor-element-1e30da14 elementor-widget elementor-widget-heading\" data-id=\"1e30da14\" data-element_type=\"widget\" data-widget_type=\"heading.default\">\n\t\t\t\t<div class=\"elementor-widget-container\">\n\t\t\t<h2 class=\"elementor-heading-title elementor-size-default\">Accord<\/h2>\t\t<\/div>\n\t\t\t\t<\/div>\n\t\t\t\t<div class=\"elementor-element elementor-element-e0d1c0 elementor-widget-divider--view-line elementor-widget elementor-widget-divider\" data-id=\"e0d1c0\" data-element_type=\"widget\" data-widget_type=\"divider.default\">\n\t\t\t\t<div class=\"elementor-widget-container\">\n\t\t\t\t\t<div class=\"elementor-divider\">\n\t\t\t<span class=\"elementor-divider-separator\">\n\t\t\t\t\t\t<\/span>\n\t\t<\/div>\n\t\t\t\t<\/div>\n\t\t\t\t<\/div>\n\t\t\t\t<div class=\"elementor-element elementor-element-115550f elementor-widget elementor-widget-text-editor\" data-id=\"115550f\" data-element_type=\"widget\" data-widget_type=\"text-editor.default\">\n\t\t\t\t<div class=\"elementor-widget-container\">\n\t\t\t\t\t\t\t\t<div class=\"elementor-text-editor elementor-clearfix\">\n\t\t\t\t<div class=\"elementor-element elementor-element-df2ca78 elementor-widget elementor-widget-heading\" data-id=\"df2ca78\" data-element_type=\"widget\" data-widget_type=\"heading.default\"><div class=\"elementor-widget-container\"><p>Un piano est calcul\u00e9 pour sonner au mieux sur la base d\u2019une fr\u00e9quence pr\u00e9cise et \u00e9quilibr\u00e9e dans sa tension globale (environ 15 tonnes).<\/p><\/div><\/div><div class=\"elementor-element elementor-element-3a6ff27c elementor-widget elementor-widget-text-editor\" data-id=\"3a6ff27c\" data-element_type=\"widget\" data-widget_type=\"text-editor.default\"><div class=\"elementor-widget-container\"><div class=\"elementor-text-editor elementor-clearfix\"><p>Chaque note accord\u00e9e sera r\u00e9partie de mani\u00e8re \u00e9quilibr\u00e9e et maintenue au plus pr\u00e8s de sa vibration juste.<\/p><p>Le technicien effectue ce que l\u2019on nomme un \u00ab\u00a0temp\u00e9rament \u00e9gal\u00a0\u00bb.<\/p><p>En effet alt\u00e9rer ou \u00ab\u00a0laisser s\u2019alt\u00e9rer\u00a0\u00bb la tension d\u2019une corde entra\u00eene in\u00e9luctablement la modification des autres cordes pr\u00e9alablement accord\u00e9es.<\/p><p>Ce travail n\u00e9cessite plusieurs ann\u00e9es d\u2019exp\u00e9rience et de formations.<\/p><p>L\u2019accord permet de \u201cremettre en tension\u201d les cordes de votre piano au diapason international de 440Hz. Cette action peut se diviser en deux d\u00e9roulements-types qui vont d\u00e9pendre de l\u2019\u00e9tat dans lequel se trouve le piano lors du passage du technicien ou de la technicienne.<\/p><p>Nous parlerons de \u201cdiapason\u201d pour d\u00e9crire la fr\u00e9quence actuelle ou id\u00e9ale (440Hz) des cordes du piano, selon son degr\u00e9 de tension.<\/p><\/div><\/div><\/div>\t\t\t\t\t<\/div>\n\t\t\t\t\t\t<\/div>\n\t\t\t\t<\/div>\n\t\t\t\t\t\t<\/div>\n\t\t\t\t\t<\/div>\n\t\t<\/div>\n\t\t\t\t<div class=\"elementor-column elementor-col-25 elementor-top-column elementor-element elementor-element-33ac40b8\" data-id=\"33ac40b8\" data-element_type=\"column\" data-settings=\"{&quot;background_background&quot;:&quot;classic&quot;}\">\n\t\t\t<div class=\"elementor-column-wrap elementor-element-populated\">\n\t\t\t\t\t\t\t<div class=\"elementor-widget-wrap\">\n\t\t\t\t\t\t<div class=\"elementor-element elementor-element-38212085 elementor-widget elementor-widget-image\" data-id=\"38212085\" data-element_type=\"widget\" data-widget_type=\"image.default\">\n\t\t\t\t<div class=\"elementor-widget-container\">\n\t\t\t\t\t\t\t\t<div class=\"elementor-image\">\n\t\t\t\t\t\t\t\t\t\t\t\t<img data-recalc-dims=\"1\" decoding=\"async\" src=\"https:\/\/i0.wp.com\/pianoservice.fr\/wp-content\/plugins\/elementor\/assets\/images\/placeholder.png?w=790&#038;ssl=1\" title=\"\" alt=\"\" loading=\"lazy\" \/>\t\t\t\t\t\t\t\t\t\t\t\t\t\t<\/div>\n\t\t\t\t\t\t<\/div>\n\t\t\t\t<\/div>\n\t\t\t\t<div class=\"elementor-element elementor-element-37720608 elementor-widget elementor-widget-heading\" data-id=\"37720608\" data-element_type=\"widget\" data-widget_type=\"heading.default\">\n\t\t\t\t<div class=\"elementor-widget-container\">\n\t\t\t<h2 class=\"elementor-heading-title elementor-size-default\">Entretien<\/h2>\t\t<\/div>\n\t\t\t\t<\/div>\n\t\t\t\t<div class=\"elementor-element elementor-element-54949906 elementor-widget-divider--view-line elementor-widget elementor-widget-divider\" data-id=\"54949906\" data-element_type=\"widget\" data-widget_type=\"divider.default\">\n\t\t\t\t<div class=\"elementor-widget-container\">\n\t\t\t\t\t<div class=\"elementor-divider\">\n\t\t\t<span class=\"elementor-divider-separator\">\n\t\t\t\t\t\t<\/span>\n\t\t<\/div>\n\t\t\t\t<\/div>\n\t\t\t\t<\/div>\n\t\t\t\t<div class=\"elementor-element elementor-element-447c8886 elementor-widget elementor-widget-text-editor\" data-id=\"447c8886\" data-element_type=\"widget\" data-widget_type=\"text-editor.default\">\n\t\t\t\t<div class=\"elementor-widget-container\">\n\t\t\t\t\t\t\t\t<div class=\"elementor-text-editor elementor-clearfix\">\n\t\t\t\t<p>Un piano requiert une r\u00e9vision p\u00e9riodique sur l\u2019ensemble de la m\u00e9canique.<\/p><p>Il s\u2019agit d\u2019un ajustement des \u00e9l\u00e9ments qui composent le clavier et la m\u00e9canique. Afin de compenser l\u2019usure des garnitures, des tissus et de l\u2019usure du bois.<\/p><p>Ce r\u00e9glage permet d\u2019assurer un \u00ab\u00a0toucher\u00a0\u00bb uniforme et une r\u00e9p\u00e9tition satisfaisante en corr\u00e9lation avec une dynamique et une v\u00e9locit\u00e9 \u00e9tendues du pianissimo au fortissimo.<\/p><p>Avec plus de 35 points d\u2019ajustement par note pour un piano \u00e0 queue et 25 pour un piano droit, le r\u00e9glage est une discipline qui requiert une certaine dext\u00e9rit\u00e9.<\/p><p><strong>Fr\u00e9quence d\u2019entretien<\/strong><\/p><p>La plupart des pianos n\u00e9cessite un r\u00e9glage apr\u00e8s les 6 mois qui suivent l\u2019achat, qu\u2019il soit neuf ou d\u2019occasion. En raison du tassement des feutres et des tissus\u00a0qui absorbent les chocs entre les pi\u00e8ces m\u00e9caniques.<\/p><p>Apr\u00e8s ce 1er entretien, un piano ne sera r\u00e9gl\u00e9 que tous les 5 ans.<\/p><p>Mais cela reste variable selon l\u2019usage :<\/p><p>Pour un pianiste professionnel, le r\u00e9glage exige d\u2019\u00eatre effectu\u00e9 chaque ann\u00e9e \u00e9tant donn\u00e9e l\u2019intensit\u00e9 de la pratique musicale.<\/p>\t\t\t\t\t<\/div>\n\t\t\t\t\t\t<\/div>\n\t\t\t\t<\/div>\n\t\t\t\t\t\t<\/div>\n\t\t\t\t\t<\/div>\n\t\t<\/div>\n\t\t\t\t<div class=\"elementor-column elementor-col-25 elementor-top-column elementor-element elementor-element-238180f4\" data-id=\"238180f4\" data-element_type=\"column\" data-settings=\"{&quot;background_background&quot;:&quot;classic&quot;}\">\n\t\t\t<div class=\"elementor-column-wrap elementor-element-populated\">\n\t\t\t\t\t\t\t<div class=\"elementor-widget-wrap\">\n\t\t\t\t\t\t<div class=\"elementor-element elementor-element-42e9eb47 elementor-widget elementor-widget-image\" data-id=\"42e9eb47\" data-element_type=\"widget\" data-widget_type=\"image.default\">\n\t\t\t\t<div class=\"elementor-widget-container\">\n\t\t\t\t\t\t\t\t<div class=\"elementor-image\">\n\t\t\t\t\t\t\t\t\t\t\t\t<img data-recalc-dims=\"1\" decoding=\"async\" src=\"https:\/\/i0.wp.com\/pianoservice.fr\/wp-content\/plugins\/elementor\/assets\/images\/placeholder.png?w=790&#038;ssl=1\" title=\"\" alt=\"\" loading=\"lazy\" \/>\t\t\t\t\t\t\t\t\t\t\t\t\t\t<\/div>\n\t\t\t\t\t\t<\/div>\n\t\t\t\t<\/div>\n\t\t\t\t<div class=\"elementor-element elementor-element-4d1f922d elementor-widget elementor-widget-heading\" data-id=\"4d1f922d\" data-element_type=\"widget\" data-widget_type=\"heading.default\">\n\t\t\t\t<div class=\"elementor-widget-container\">\n\t\t\t<h2 class=\"elementor-heading-title elementor-size-default\">Restauration<\/h2>\t\t<\/div>\n\t\t\t\t<\/div>\n\t\t\t\t<div class=\"elementor-element elementor-element-274e82f7 elementor-widget-divider--view-line elementor-widget elementor-widget-divider\" data-id=\"274e82f7\" data-element_type=\"widget\" data-widget_type=\"divider.default\">\n\t\t\t\t<div class=\"elementor-widget-container\">\n\t\t\t\t\t<div class=\"elementor-divider\">\n\t\t\t<span class=\"elementor-divider-separator\">\n\t\t\t\t\t\t<\/span>\n\t\t<\/div>\n\t\t\t\t<\/div>\n\t\t\t\t<\/div>\n\t\t\t\t<div class=\"elementor-element elementor-element-1f101332 elementor-widget elementor-widget-text-editor\" data-id=\"1f101332\" data-element_type=\"widget\" data-widget_type=\"text-editor.default\">\n\t\t\t\t<div class=\"elementor-widget-container\">\n\t\t\t\t\t\t\t\t<div class=\"elementor-text-editor elementor-clearfix\">\n\t\t\t\t<p>Cette op\u00e9ration sera logiquement r\u00e9serv\u00e9e pour des pianos ayant subis des d\u00e9g\u00e2ts importants bien souvent dus \u00e0 leurs grands \u00e2ges.<\/p><p>La restauration est un travail qui requiert toutes les comp\u00e9tences d\u2019un technicien et de son savoir-faire.<\/p><p>Il s\u2019agit d\u2019une reconstruction globale de l\u2019instrument tout en respectant les proc\u00e9d\u00e9s de facture de celui-ci par rapport \u00e0 son \u00e9poque.<\/p><ul><li><strong>Le poids du temps :<\/strong> La restauration est souvent r\u00e9serv\u00e9e pour des pianos d\u2019int\u00e9r\u00eat ou de historique ou de tr\u00e8s bonne fabrication.\u00a0<\/li><li><strong>La restauration d\u2019une structure harmonique :\u00a0<\/strong>Cette op\u00e9ration s\u2019effectue uniquement en atelier et doit \u00eatre effectu\u00e9e avec un mat\u00e9riel sp\u00e9cifique et s\u00e9curis\u00e9. Il est tr\u00e8s souvent n\u00e9cessaire d\u2019enlever le cadre pesant plusieurs centaines de kilos avec un \u00e9l\u00e9vateur ou un palan, afin de refaire ou de restaurer la table d\u2019harmonie en \u00ab\u00a0flippotant\u00a0\u00bb les fentes du bois et ensuite de \u00ab\u00a0recorder\u00a0\u00bb l\u2019ensemble du piano en changeant toutes les chevilles et les cordes. On se doit aussi d\u2019\u00eatre \u00e9quip\u00e9 de machines \u00e0 bois pour refaire certaines pi\u00e8ces d\u00e9grad\u00e9es qui n\u2019existent plus.<\/li><\/ul>\t\t\t\t\t<\/div>\n\t\t\t\t\t\t<\/div>\n\t\t\t\t<\/div>\n\t\t\t\t\t\t<\/div>\n\t\t\t\t\t<\/div>\n\t\t<\/div>\n\t\t\t\t<div class=\"elementor-column elementor-col-25 elementor-top-column elementor-element elementor-element-11de1cb0\" data-id=\"11de1cb0\" data-element_type=\"column\" data-settings=\"{&quot;background_background&quot;:&quot;classic&quot;}\">\n\t\t\t<div class=\"elementor-column-wrap elementor-element-populated\">\n\t\t\t\t\t\t\t<div class=\"elementor-widget-wrap\">\n\t\t\t\t\t\t<div class=\"elementor-element elementor-element-7ec91e1c elementor-widget elementor-widget-image\" data-id=\"7ec91e1c\" data-element_type=\"widget\" data-widget_type=\"image.default\">\n\t\t\t\t<div class=\"elementor-widget-container\">\n\t\t\t\t\t\t\t\t<div class=\"elementor-image\">\n\t\t\t\t\t\t\t\t\t\t\t\t<img data-recalc-dims=\"1\" decoding=\"async\" src=\"https:\/\/i0.wp.com\/pianoservice.fr\/wp-content\/plugins\/elementor\/assets\/images\/placeholder.png?w=790&#038;ssl=1\" title=\"\" alt=\"\" loading=\"lazy\" \/>\t\t\t\t\t\t\t\t\t\t\t\t\t\t<\/div>\n\t\t\t\t\t\t<\/div>\n\t\t\t\t<\/div>\n\t\t\t\t<div class=\"elementor-element elementor-element-53004896 elementor-widget elementor-widget-heading\" data-id=\"53004896\" data-element_type=\"widget\" data-widget_type=\"heading.default\">\n\t\t\t\t<div class=\"elementor-widget-container\">\n\t\t\t<h2 class=\"elementor-heading-title elementor-size-default\">Manutention<\/h2>\t\t<\/div>\n\t\t\t\t<\/div>\n\t\t\t\t<div class=\"elementor-element elementor-element-271fdb32 elementor-widget-divider--view-line elementor-widget elementor-widget-divider\" data-id=\"271fdb32\" data-element_type=\"widget\" data-widget_type=\"divider.default\">\n\t\t\t\t<div class=\"elementor-widget-container\">\n\t\t\t\t\t<div class=\"elementor-divider\">\n\t\t\t<span class=\"elementor-divider-separator\">\n\t\t\t\t\t\t<\/span>\n\t\t<\/div>\n\t\t\t\t<\/div>\n\t\t\t\t<\/div>\n\t\t\t\t<div class=\"elementor-element elementor-element-1d8fded0 elementor-widget elementor-widget-text-editor\" data-id=\"1d8fded0\" data-element_type=\"widget\" data-widget_type=\"text-editor.default\">\n\t\t\t\t<div class=\"elementor-widget-container\">\n\t\t\t\t\t\t\t\t<div class=\"elementor-text-editor elementor-clearfix\">\n\t\t\t\t<p>Piano Service a sa propre \u00e9quipe de transporteurs, ce qui am\u00e8ne une r\u00e9activit\u00e9 et une expertise propre au m\u00e9tier du transport de pianos et ainsi faire face \u00e0 toutes les difficult\u00e9s.<\/p><p>Nous disposons de tout le mat\u00e9riel n\u00e9cessaire pour prendre soin de votre piano pendant les op\u00e9rations de manutention et de transport\u00a0 :<\/p><ul><li>Camions am\u00e9nag\u00e9s avec hayons \u00e9l\u00e9vateurs ;<\/li><li>Piano-plans pour les transports en \u00e9tages\u00a0;<\/li><li>Lot de chariots de transport\u00a0;<\/li><li>Lot de housses de transport pour pianos \u00e0 queue et pianos droits.<\/li><\/ul>\t\t\t\t\t<\/div>\n\t\t\t\t\t\t<\/div>\n\t\t\t\t<\/div>\n\t\t\t\t\t\t<\/div>\n\t\t\t\t\t<\/div>\n\t\t<\/div>\n\t\t\t\t\t\t\t\t<\/div>\n\t\t\t\t\t<\/div>\n\t\t<\/section>\n\t\t\t\t<section class=\"elementor-section elementor-top-section elementor-element elementor-element-4633098c elementor-section-boxed elementor-section-height-default elementor-section-height-default\" data-id=\"4633098c\" data-element_type=\"section\">\n\t\t\t\t\t\t<div class=\"elementor-container elementor-column-gap-default\">\n\t\t\t\t\t\t\t<div class=\"elementor-row\">\n\t\t\t\t\t<div class=\"elementor-column elementor-col-100 elementor-top-column elementor-element elementor-element-21dff8da\" data-id=\"21dff8da\" data-element_type=\"column\">\n\t\t\t<div class=\"elementor-column-wrap elementor-element-populated\">\n\t\t\t\t\t\t\t<div class=\"elementor-widget-wrap\">\n\t\t\t\t\t\t<div class=\"elementor-element elementor-element-724a4579 elementor-widget elementor-widget-spacer\" data-id=\"724a4579\" data-element_type=\"widget\" data-widget_type=\"spacer.default\">\n\t\t\t\t<div class=\"elementor-widget-container\">\n\t\t\t\t\t<div class=\"elementor-spacer\">\n\t\t\t<div class=\"elementor-spacer-inner\"><\/div>\n\t\t<\/div>\n\t\t\t\t<\/div>\n\t\t\t\t<\/div>\n\t\t\t\t<div class=\"elementor-element elementor-element-5f041c9b elementor-widget elementor-widget-image\" data-id=\"5f041c9b\" data-element_type=\"widget\" data-widget_type=\"image.default\">\n\t\t\t\t<div class=\"elementor-widget-container\">\n\t\t\t\t\t\t\t\t<div class=\"elementor-image\">\n\t\t\t\t\t\t\t\t\t\t\t\t<img loading=\"lazy\" decoding=\"async\" width=\"347\" height=\"33\" src=\"https:\/\/i0.wp.com\/pianoservice.fr\/wp-content\/uploads\/2020\/04\/VIRGULE_PS.png?fit=347%2C33&amp;ssl=1\" class=\"attachment-large size-large wp-image-1244\" alt=\"\" srcset=\"https:\/\/i0.wp.com\/pianoservice.fr\/wp-content\/uploads\/2020\/04\/VIRGULE_PS.png?w=347&amp;ssl=1 347w, https:\/\/i0.wp.com\/pianoservice.fr\/wp-content\/uploads\/2020\/04\/VIRGULE_PS.png?resize=300%2C29&amp;ssl=1 300w\" sizes=\"auto, (max-width: 347px) 100vw, 347px\" \/>\t\t\t\t\t\t\t\t\t\t\t\t\t\t<\/div>\n\t\t\t\t\t\t<\/div>\n\t\t\t\t<\/div>\n\t\t\t\t<div class=\"elementor-element elementor-element-4be5f2ca elementor-widget elementor-widget-spacer\" data-id=\"4be5f2ca\" data-element_type=\"widget\" data-widget_type=\"spacer.default\">\n\t\t\t\t<div class=\"elementor-widget-container\">\n\t\t\t\t\t<div class=\"elementor-spacer\">\n\t\t\t<div class=\"elementor-spacer-inner\"><\/div>\n\t\t<\/div>\n\t\t\t\t<\/div>\n\t\t\t\t<\/div>\n\t\t\t\t\t\t<\/div>\n\t\t\t\t\t<\/div>\n\t\t<\/div>\n\t\t\t\t\t\t\t\t<\/div>\n\t\t\t\t\t<\/div>\n\t\t<\/section>\n\t\t\t\t\t\t\t\t\t<\/div>\n\t\t\t<\/div>\n\t\t\t\t\t<\/div>\n\t\t","protected":false},"excerpt":{"rendered":"<p>Piano Service met \u00e0 votre disposition toutes ses comp\u00e9tences pour l&rsquo;accord, l&rsquo;entretien, la restauration et la manutention de votre piano. Piano Service vous propose &#8230; NOS SERVICES Accord Un piano est calcul\u00e9 pour sonner au mieux sur la base d\u2019une fr\u00e9quence pr\u00e9cise et \u00e9quilibr\u00e9e dans sa tension globale (environ 15&#8230;<\/p>\n","protected":false},"author":1,"featured_media":0,"parent":0,"menu_order":0,"comment_status":"closed","ping_status":"closed","template":"elementor_header_footer","meta":{"footnotes":""},"class_list":["post-1268","page","type-page","status-publish","hentry"],"jetpack_sharing_enabled":true,"_links":{"self":[{"href":"https:\/\/pianoservice.fr\/index.php\/wp-json\/wp\/v2\/pages\/1268","targetHints":{"allow":["GET"]}}],"collection":[{"href":"https:\/\/pianoservice.fr\/index.php\/wp-json\/wp\/v2\/pages"}],"about":[{"href":"https:\/\/pianoservice.fr\/index.php\/wp-json\/wp\/v2\/types\/page"}],"author":[{"embeddable":true,"href":"https:\/\/pianoservice.fr\/index.php\/wp-json\/wp\/v2\/users\/1"}],"replies":[{"embeddable":true,"href":"https:\/\/pianoservice.fr\/index.php\/wp-json\/wp\/v2\/comments?post=1268"}],"version-history":[{"count":15,"href":"https:\/\/pianoservice.fr\/index.php\/wp-json\/wp\/v2\/pages\/1268\/revisions"}],"predecessor-version":[{"id":1413,"href":"https:\/\/pianoservice.fr\/index.php\/wp-json\/wp\/v2\/pages\/1268\/revisions\/1413"}],"wp:attachment":[{"href":"https:\/\/pianoservice.fr\/index.php\/wp-json\/wp\/v2\/media?parent=1268"}],"curies":[{"name":"wp","href":"https:\/\/api.w.org\/{rel}","templated":true}]}}