{"id":1278,"date":"2020-04-10T18:00:36","date_gmt":"2020-04-10T16:00:36","guid":{"rendered":"https:\/\/pianoservice.fr\/?page_id=1278"},"modified":"2020-08-31T10:10:21","modified_gmt":"2020-08-31T08:10:21","slug":"nos-references","status":"publish","type":"page","link":"https:\/\/pianoservice.fr\/index.php\/nos-references\/","title":{"rendered":"Nos R\u00e9f\u00e9rences"},"content":{"rendered":"\t\t<div data-elementor-type=\"wp-page\" data-elementor-id=\"1278\" class=\"elementor elementor-1278\">\n\t\t\t\t\t\t<div class=\"elementor-inner\">\n\t\t\t\t<div class=\"elementor-section-wrap\">\n\t\t\t\t\t\t\t\t\t<section class=\"elementor-section elementor-top-section elementor-element elementor-element-4e0776fe elementor-section-stretched elementor-section-boxed elementor-section-height-default elementor-section-height-default\" data-id=\"4e0776fe\" data-element_type=\"section\" data-settings=\"{&quot;stretch_section&quot;:&quot;section-stretched&quot;,&quot;background_background&quot;:&quot;classic&quot;}\">\n\t\t\t\t\t\t<div class=\"elementor-container elementor-column-gap-default\">\n\t\t\t\t\t\t\t<div class=\"elementor-row\">\n\t\t\t\t\t<div class=\"elementor-column elementor-col-100 elementor-top-column elementor-element elementor-element-6100a42b\" data-id=\"6100a42b\" data-element_type=\"column\">\n\t\t\t<div class=\"elementor-column-wrap elementor-element-populated\">\n\t\t\t\t\t\t\t<div class=\"elementor-widget-wrap\">\n\t\t\t\t\t\t\t\t<\/div>\n\t\t\t\t\t<\/div>\n\t\t<\/div>\n\t\t\t\t\t\t\t\t<\/div>\n\t\t\t\t\t<\/div>\n\t\t<\/section>\n\t\t\t\t<section class=\"elementor-section elementor-top-section elementor-element elementor-element-57f3fe76 elementor-section-stretched elementor-section-full_width elementor-section-height-default elementor-section-height-default\" data-id=\"57f3fe76\" data-element_type=\"section\" data-settings=\"{&quot;stretch_section&quot;:&quot;section-stretched&quot;,&quot;background_background&quot;:&quot;classic&quot;}\">\n\t\t\t\t\t\t<div class=\"elementor-container elementor-column-gap-default\">\n\t\t\t\t\t\t\t<div class=\"elementor-row\">\n\t\t\t\t\t<div class=\"elementor-column elementor-col-100 elementor-top-column elementor-element elementor-element-38a44426\" data-id=\"38a44426\" data-element_type=\"column\">\n\t\t\t<div class=\"elementor-column-wrap elementor-element-populated\">\n\t\t\t\t\t\t\t<div class=\"elementor-widget-wrap\">\n\t\t\t\t\t\t<div class=\"elementor-element elementor-element-6211a760 elementor-widget elementor-widget-heading\" data-id=\"6211a760\" data-element_type=\"widget\" data-widget_type=\"heading.default\">\n\t\t\t\t<div class=\"elementor-widget-container\">\n\t\t\t<h3 class=\"elementor-heading-title elementor-size-default\">Les Institutions suivantes nous accordent leur confiance depuis de nombreuses ann\u00e9es<\/h3>\t\t<\/div>\n\t\t\t\t<\/div>\n\t\t\t\t\t\t<\/div>\n\t\t\t\t\t<\/div>\n\t\t<\/div>\n\t\t\t\t\t\t\t\t<\/div>\n\t\t\t\t\t<\/div>\n\t\t<\/section>\n\t\t\t\t<section class=\"elementor-section elementor-top-section elementor-element elementor-element-1fbfb604 elementor-section-stretched elementor-section-boxed elementor-section-height-default elementor-section-height-default\" data-id=\"1fbfb604\" data-element_type=\"section\" data-settings=\"{&quot;stretch_section&quot;:&quot;section-stretched&quot;}\">\n\t\t\t\t\t\t<div class=\"elementor-container elementor-column-gap-default\">\n\t\t\t\t\t\t\t<div class=\"elementor-row\">\n\t\t\t\t\t<div class=\"elementor-column elementor-col-100 elementor-top-column elementor-element elementor-element-2b2afa44\" data-id=\"2b2afa44\" data-element_type=\"column\">\n\t\t\t<div class=\"elementor-column-wrap elementor-element-populated\">\n\t\t\t\t\t\t\t<div class=\"elementor-widget-wrap\">\n\t\t\t\t\t\t<div class=\"elementor-element elementor-element-1d42c710 elementor-widget elementor-widget-text-editor\" data-id=\"1d42c710\" data-element_type=\"widget\" data-widget_type=\"text-editor.default\">\n\t\t\t\t<div class=\"elementor-widget-container\">\n\t\t\t\t\t\t\t\t<div class=\"elementor-text-editor elementor-clearfix\">\n\t\t\t\t<p>C.N.S.M.D.P., Cit\u00e9 Internationale des Arts, Ensemble Orchestral de Paris, Conseil G\u00e9n\u00e9ral des Hauts de Seine, Mairie de Paris, Mairie de Levallois-Perret, Op\u00e9ra de Paris, H\u00f4tel Lut\u00e9tia, H\u00f4tel Le Ritz, H\u00f4tel Bristol, Espace Cardin, Palais de Matignon, Palais de l\u2019Elys\u00e9e, Mus\u00e9e des Arts D\u00e9coratifs, Mus\u00e9e des Arts et M\u00e9tiers, Le Louvre, Th\u00e9\u00e2tre Dejazet, Th\u00e9\u00e2tre de la Ville, Th\u00e9\u00e2tre du Gymnase, Th\u00e9\u00e2tre Montansier, Th\u00e9\u00e2tre J.L. Barrault, Th\u00e9\u00e2tre de Rueil Malmaison, Salle de la Mutualit\u00e9, Mus\u00e9e Carnavalet, Eglise de la Madeleine, Eglise St Sulpice, Palais des Congr\u00e8s, Ecole Nationale de Pantin, Ecole Europ\u00e9enne de Musique, Conservatoire Arm\u00e9e de Terre, L\u00e9gion d\u2019Honneur, H.E.C., Thal\u00e8s, Croisi\u00e8re Radio Classique, Abbaye des Vaux de Cernay, Abbaye Royale du Moncelle, Agora d\u2019Evry, l\u2019Olympia, Paris-Bercy, Le Z\u00e9nith, Virgin Megastore, La Fnac, Studio Gabriel, Air Productions et Taratata, EMI, Warner Music, Universal Music, Sony Music, Le T\u00e9l\u00e9thon, Les Victoires de la Musique, Star Academy TF1, La Nouvelle Star M6, One Shot Note Arte, Emission Tandem, Emission Berlingot, La Bo\u00eete \u00e0 Musique de Jean-Fran\u00e7ois Zygel, F\u00eates de la Musique sur France 2 etc\u2026<\/p>\t\t\t\t\t<\/div>\n\t\t\t\t\t\t<\/div>\n\t\t\t\t<\/div>\n\t\t\t\t\t\t<\/div>\n\t\t\t\t\t<\/div>\n\t\t<\/div>\n\t\t\t\t\t\t\t\t<\/div>\n\t\t\t\t\t<\/div>\n\t\t<\/section>\n\t\t\t\t<section class=\"elementor-section elementor-top-section elementor-element elementor-element-5232f4e4 elementor-section-stretched elementor-section-full_width elementor-section-height-default elementor-section-height-default\" data-id=\"5232f4e4\" data-element_type=\"section\" data-settings=\"{&quot;stretch_section&quot;:&quot;section-stretched&quot;,&quot;background_background&quot;:&quot;classic&quot;}\">\n\t\t\t\t\t\t<div class=\"elementor-container elementor-column-gap-default\">\n\t\t\t\t\t\t\t<div class=\"elementor-row\">\n\t\t\t\t\t<div class=\"elementor-column elementor-col-100 elementor-top-column elementor-element elementor-element-13f70cfb\" data-id=\"13f70cfb\" data-element_type=\"column\">\n\t\t\t<div class=\"elementor-column-wrap elementor-element-populated\">\n\t\t\t\t\t\t\t<div class=\"elementor-widget-wrap\">\n\t\t\t\t\t\t<div class=\"elementor-element elementor-element-1c9f712 elementor-widget elementor-widget-heading\" data-id=\"1c9f712\" data-element_type=\"widget\" data-widget_type=\"heading.default\">\n\t\t\t\t<div class=\"elementor-widget-container\">\n\t\t\t<h3 class=\"elementor-heading-title elementor-size-default\">Piano Service participe (location de pianos de concert) \u00e0 ces festivals<\/h3>\t\t<\/div>\n\t\t\t\t<\/div>\n\t\t\t\t\t\t<\/div>\n\t\t\t\t\t<\/div>\n\t\t<\/div>\n\t\t\t\t\t\t\t\t<\/div>\n\t\t\t\t\t<\/div>\n\t\t<\/section>\n\t\t\t\t<section class=\"elementor-section elementor-top-section elementor-element elementor-element-791db511 elementor-section-stretched elementor-section-boxed elementor-section-height-default elementor-section-height-default\" data-id=\"791db511\" data-element_type=\"section\" data-settings=\"{&quot;stretch_section&quot;:&quot;section-stretched&quot;,&quot;background_background&quot;:&quot;classic&quot;}\">\n\t\t\t\t\t\t<div class=\"elementor-container elementor-column-gap-default\">\n\t\t\t\t\t\t\t<div class=\"elementor-row\">\n\t\t\t\t\t<div class=\"elementor-column elementor-col-100 elementor-top-column elementor-element elementor-element-6dcd51ec\" data-id=\"6dcd51ec\" data-element_type=\"column\">\n\t\t\t<div class=\"elementor-column-wrap elementor-element-populated\">\n\t\t\t\t\t\t\t<div class=\"elementor-widget-wrap\">\n\t\t\t\t\t\t<div class=\"elementor-element elementor-element-3f405d7 elementor-widget elementor-widget-text-editor\" data-id=\"3f405d7\" data-element_type=\"widget\" data-widget_type=\"text-editor.default\">\n\t\t\t\t<div class=\"elementor-widget-container\">\n\t\t\t\t\t\t\t\t<div class=\"elementor-text-editor elementor-clearfix\">\n\t\t\t\t<p style=\"text-align: left;\">Festival des Arcs, de Flaine, de Val d\u2019Is\u00e8re, de Fontainebleau, du Moulin d\u2019And\u00e9, de Villefranche de Rouergue, Les Papillons de Nuit, Jazz sous les Pommiers, Rock en Seine, Solidays\u2026<\/p>\t\t\t\t\t<\/div>\n\t\t\t\t\t\t<\/div>\n\t\t\t\t<\/div>\n\t\t\t\t\t\t<\/div>\n\t\t\t\t\t<\/div>\n\t\t<\/div>\n\t\t\t\t\t\t\t\t<\/div>\n\t\t\t\t\t<\/div>\n\t\t<\/section>\n\t\t\t\t<section class=\"elementor-section elementor-top-section elementor-element elementor-element-3d092143 elementor-section-stretched elementor-section-full_width elementor-section-height-default elementor-section-height-default\" data-id=\"3d092143\" data-element_type=\"section\" data-settings=\"{&quot;stretch_section&quot;:&quot;section-stretched&quot;,&quot;background_background&quot;:&quot;classic&quot;}\">\n\t\t\t\t\t\t<div class=\"elementor-container elementor-column-gap-default\">\n\t\t\t\t\t\t\t<div class=\"elementor-row\">\n\t\t\t\t\t<div class=\"elementor-column elementor-col-100 elementor-top-column elementor-element elementor-element-26dcc1b8\" data-id=\"26dcc1b8\" data-element_type=\"column\">\n\t\t\t<div class=\"elementor-column-wrap elementor-element-populated\">\n\t\t\t\t\t\t\t<div class=\"elementor-widget-wrap\">\n\t\t\t\t\t\t<div class=\"elementor-element elementor-element-1de49508 elementor-widget elementor-widget-heading\" data-id=\"1de49508\" data-element_type=\"widget\" data-widget_type=\"heading.default\">\n\t\t\t\t<div class=\"elementor-widget-container\">\n\t\t\t<h3 class=\"elementor-heading-title elementor-size-default\">Piano Service collabore avec de nombreux Artistes<\/h3>\t\t<\/div>\n\t\t\t\t<\/div>\n\t\t\t\t\t\t<\/div>\n\t\t\t\t\t<\/div>\n\t\t<\/div>\n\t\t\t\t\t\t\t\t<\/div>\n\t\t\t\t\t<\/div>\n\t\t<\/section>\n\t\t\t\t<section class=\"elementor-section elementor-top-section elementor-element elementor-element-52f2512a elementor-section-stretched elementor-section-boxed elementor-section-height-default elementor-section-height-default\" data-id=\"52f2512a\" data-element_type=\"section\" data-settings=\"{&quot;stretch_section&quot;:&quot;section-stretched&quot;}\">\n\t\t\t\t\t\t<div class=\"elementor-container elementor-column-gap-default\">\n\t\t\t\t\t\t\t<div class=\"elementor-row\">\n\t\t\t\t\t<div class=\"elementor-column elementor-col-100 elementor-top-column elementor-element elementor-element-7ff0d7fa\" data-id=\"7ff0d7fa\" data-element_type=\"column\">\n\t\t\t<div class=\"elementor-column-wrap elementor-element-populated\">\n\t\t\t\t\t\t\t<div class=\"elementor-widget-wrap\">\n\t\t\t\t\t\t<div class=\"elementor-element elementor-element-3c905e3f elementor-widget elementor-widget-text-editor\" data-id=\"3c905e3f\" data-element_type=\"widget\" data-widget_type=\"text-editor.default\">\n\t\t\t\t<div class=\"elementor-widget-container\">\n\t\t\t\t\t\t\t\t<div class=\"elementor-text-editor elementor-clearfix\">\n\t\t\t\t<p>Fran\u00e7ois Weigel, Claire-Marie Legay, Claire D\u00e9sert, Jean-Philippe Collard, Herbie Hancock, Fran\u00e7ois-Ren\u00e9 Duchable, Hortense Cartier-Bresson, Michel Dalberto, Brigitte Engerer, Pascal Dumay, Philippe Cassard, Laurent Cabasso, Christian Ivaldi, Michael L\u00e9vinas, Dominique Merlet, Eric Crambes, Anne Qu\u00e9ffelec, Emile Naoumoff, Fran\u00e7ois Payet Labonne, Jean-Claude Pennetier, Georges Pludermacher, Martial Solal, Alexandre Tharaud, Laurent Verney, Jean-Fran\u00e7ois Zygel, Lang Lang, Pierre-Laurent Aimard, Martha Argerich, Michel Berrof, Eric Le Sage<\/p><p>Sans oublier\u00a0: Julien Clerc, Jean-Louis Aubert, Pascal Obispo, Marc Lavoine, Eddy Mitchell, Patrick Bruel, Johnny Hallyday, C\u0153ur de Pirate, Alain Souchon, Stevie Wonder, Alicia Keys, Norah Jones, Nolwenn, Christophe,\u00a0 Leroy, Liz Mc Comb, James Blunt, Radiohead, Jamie Cullum\u00a0<\/p>\t\t\t\t\t<\/div>\n\t\t\t\t\t\t<\/div>\n\t\t\t\t<\/div>\n\t\t\t\t\t\t<\/div>\n\t\t\t\t\t<\/div>\n\t\t<\/div>\n\t\t\t\t\t\t\t\t<\/div>\n\t\t\t\t\t<\/div>\n\t\t<\/section>\n\t\t\t\t<section class=\"elementor-section elementor-top-section elementor-element elementor-element-50b14ec9 elementor-section-boxed elementor-section-height-default elementor-section-height-default\" data-id=\"50b14ec9\" data-element_type=\"section\">\n\t\t\t\t\t\t<div class=\"elementor-container elementor-column-gap-default\">\n\t\t\t\t\t\t\t<div class=\"elementor-row\">\n\t\t\t\t\t<div class=\"elementor-column elementor-col-100 elementor-top-column elementor-element elementor-element-2b2fe2e9\" data-id=\"2b2fe2e9\" data-element_type=\"column\">\n\t\t\t<div class=\"elementor-column-wrap elementor-element-populated\">\n\t\t\t\t\t\t\t<div class=\"elementor-widget-wrap\">\n\t\t\t\t\t\t<div class=\"elementor-element elementor-element-2587b17f elementor-widget elementor-widget-image\" data-id=\"2587b17f\" data-element_type=\"widget\" data-widget_type=\"image.default\">\n\t\t\t\t<div class=\"elementor-widget-container\">\n\t\t\t\t\t\t\t\t<div class=\"elementor-image\">\n\t\t\t\t\t\t\t\t\t\t\t\t<img loading=\"lazy\" decoding=\"async\" width=\"347\" height=\"33\" src=\"https:\/\/i0.wp.com\/pianoservice.fr\/wp-content\/uploads\/2020\/04\/VIRGULE_PS.png?fit=347%2C33&amp;ssl=1\" class=\"attachment-large size-large wp-image-1244\" alt=\"\" srcset=\"https:\/\/i0.wp.com\/pianoservice.fr\/wp-content\/uploads\/2020\/04\/VIRGULE_PS.png?w=347&amp;ssl=1 347w, https:\/\/i0.wp.com\/pianoservice.fr\/wp-content\/uploads\/2020\/04\/VIRGULE_PS.png?resize=300%2C29&amp;ssl=1 300w\" sizes=\"auto, (max-width: 347px) 100vw, 347px\" \/>\t\t\t\t\t\t\t\t\t\t\t\t\t\t<\/div>\n\t\t\t\t\t\t<\/div>\n\t\t\t\t<\/div>\n\t\t\t\t<div class=\"elementor-element elementor-element-34a5c326 elementor-widget elementor-widget-spacer\" data-id=\"34a5c326\" data-element_type=\"widget\" data-widget_type=\"spacer.default\">\n\t\t\t\t<div class=\"elementor-widget-container\">\n\t\t\t\t\t<div class=\"elementor-spacer\">\n\t\t\t<div class=\"elementor-spacer-inner\"><\/div>\n\t\t<\/div>\n\t\t\t\t<\/div>\n\t\t\t\t<\/div>\n\t\t\t\t\t\t<\/div>\n\t\t\t\t\t<\/div>\n\t\t<\/div>\n\t\t\t\t\t\t\t\t<\/div>\n\t\t\t\t\t<\/div>\n\t\t<\/section>\n\t\t\t\t\t\t\t\t\t<\/div>\n\t\t\t<\/div>\n\t\t\t\t\t<\/div>\n\t\t","protected":false},"excerpt":{"rendered":"<p>Les Institutions suivantes nous accordent leur confiance depuis de nombreuses ann\u00e9es C.N.S.M.D.P., Cit\u00e9 Internationale des Arts, Ensemble Orchestral de Paris, Conseil G\u00e9n\u00e9ral des Hauts de Seine, Mairie de Paris, Mairie de Levallois-Perret, Op\u00e9ra de Paris, H\u00f4tel Lut\u00e9tia, H\u00f4tel Le Ritz, H\u00f4tel Bristol, Espace Cardin, Palais de Matignon, Palais de l\u2019Elys\u00e9e,&#8230;<\/p>\n","protected":false},"author":1,"featured_media":0,"parent":0,"menu_order":0,"comment_status":"closed","ping_status":"closed","template":"elementor_header_footer","meta":{"footnotes":""},"class_list":["post-1278","page","type-page","status-publish","hentry"],"jetpack_sharing_enabled":true,"_links":{"self":[{"href":"https:\/\/pianoservice.fr\/index.php\/wp-json\/wp\/v2\/pages\/1278","targetHints":{"allow":["GET"]}}],"collection":[{"href":"https:\/\/pianoservice.fr\/index.php\/wp-json\/wp\/v2\/pages"}],"about":[{"href":"https:\/\/pianoservice.fr\/index.php\/wp-json\/wp\/v2\/types\/page"}],"author":[{"embeddable":true,"href":"https:\/\/pianoservice.fr\/index.php\/wp-json\/wp\/v2\/users\/1"}],"replies":[{"embeddable":true,"href":"https:\/\/pianoservice.fr\/index.php\/wp-json\/wp\/v2\/comments?post=1278"}],"version-history":[{"count":8,"href":"https:\/\/pianoservice.fr\/index.php\/wp-json\/wp\/v2\/pages\/1278\/revisions"}],"predecessor-version":[{"id":1400,"href":"https:\/\/pianoservice.fr\/index.php\/wp-json\/wp\/v2\/pages\/1278\/revisions\/1400"}],"wp:attachment":[{"href":"https:\/\/pianoservice.fr\/index.php\/wp-json\/wp\/v2\/media?parent=1278"}],"curies":[{"name":"wp","href":"https:\/\/api.w.org\/{rel}","templated":true}]}}