{"id":29,"date":"2020-04-10T16:17:13","date_gmt":"2020-04-10T14:17:13","guid":{"rendered":"https:\/\/pianoservice.fr\/?page_id=29"},"modified":"2020-09-01T12:15:36","modified_gmt":"2020-09-01T10:15:36","slug":"accord","status":"publish","type":"page","link":"https:\/\/pianoservice.fr\/index.php\/accord\/","title":{"rendered":"Accord et Harmonisation"},"content":{"rendered":"\t\t<div data-elementor-type=\"wp-page\" data-elementor-id=\"29\" class=\"elementor elementor-29\">\n\t\t\t\t\t\t<div class=\"elementor-inner\">\n\t\t\t\t<div class=\"elementor-section-wrap\">\n\t\t\t\t\t\t\t\t\t<section class=\"elementor-section elementor-top-section elementor-element elementor-element-47109c64 elementor-section-boxed elementor-section-height-default elementor-section-height-default\" data-id=\"47109c64\" data-element_type=\"section\">\n\t\t\t\t\t\t<div class=\"elementor-container elementor-column-gap-default\">\n\t\t\t\t\t\t\t<div class=\"elementor-row\">\n\t\t\t\t\t<div class=\"elementor-column elementor-col-100 elementor-top-column elementor-element elementor-element-5f6e7bfb\" data-id=\"5f6e7bfb\" data-element_type=\"column\">\n\t\t\t<div class=\"elementor-column-wrap elementor-element-populated\">\n\t\t\t\t\t\t\t<div class=\"elementor-widget-wrap\">\n\t\t\t\t\t\t<div class=\"elementor-element elementor-element-df2ca78 elementor-widget elementor-widget-heading\" data-id=\"df2ca78\" data-element_type=\"widget\" data-widget_type=\"heading.default\">\n\t\t\t\t<div class=\"elementor-widget-container\">\n\t\t\t<h2 class=\"elementor-heading-title elementor-size-default\"><br>Accord<\/h2>\t\t<\/div>\n\t\t\t\t<\/div>\n\t\t\t\t<div class=\"elementor-element elementor-element-3a6ff27c elementor-widget elementor-widget-text-editor\" data-id=\"3a6ff27c\" data-element_type=\"widget\" data-widget_type=\"text-editor.default\">\n\t\t\t\t<div class=\"elementor-widget-container\">\n\t\t\t\t\t\t\t\t<div class=\"elementor-text-editor elementor-clearfix\">\n\t\t\t\t<!-- wp:paragraph -->\n<p>Un piano est calcul\u00e9 pour\u00a0sonner au mieux sur la base d&rsquo;une fr\u00e9quence pr\u00e9cise et \u00e9quilibr\u00e9e dans sa tension globale (environ 15 tonnes).<\/p>\n<!-- \/wp:paragraph --><!-- wp:paragraph -->\n<p>Chaque note accord\u00e9e sera r\u00e9partie de mani\u00e8re \u00e9quilibr\u00e9e et maintenue au plus pr\u00e8s de sa vibration juste.<\/p>\n<!-- \/wp:paragraph --><!-- wp:paragraph -->\n<p>Le technicien effectue ce que l&rsquo;on nomme un \u00ab\u00a0temp\u00e9rament \u00e9gal\u00a0\u00bb.<\/p>\n<!-- \/wp:paragraph --><!-- wp:paragraph -->\n<p>En effet alt\u00e9rer ou \u00ab\u00a0laisser s&rsquo;alt\u00e9rer\u00a0\u00bb la tension d&rsquo;une corde entra\u00eene in\u00e9luctablement la modification des autres cordes pr\u00e9alablement accord\u00e9es.<\/p>\n<!-- \/wp:paragraph --><!-- wp:paragraph -->\n<p>Ce travail n\u00e9cessite plusieurs ann\u00e9es d&rsquo;exp\u00e9rience et de formations.<\/p>\n<!-- \/wp:paragraph --><!-- wp:paragraph -->\n<p>L\u2019accord permet de \u201cremettre en tension\u201d les cordes de votre piano au diapason international de 440Hz. Cette action peut se diviser en deux d\u00e9roulements-types qui vont d\u00e9pendre de l\u2019\u00e9tat dans lequel se trouve le piano lors du passage du technicien ou de la technicienne.<\/p>\n<!-- \/wp:paragraph --><!-- wp:paragraph -->\n<p>Nous parlerons de \u201cdiapason\u201d pour d\u00e9crire la fr\u00e9quence actuelle ou id\u00e9ale (440Hz) des cordes du piano, selon son degr\u00e9 de tension.<\/p>\n<!-- \/wp:paragraph --><!-- wp:list -->\n<p><strong><em>La mise au ton <\/em>:<\/strong> Lorsqu\u2019un piano n\u2019a pas \u00e9t\u00e9 accord\u00e9 pendant plusieurs ann\u00e9es voire d\u00e9cennies, il faudra avoir recours \u00e0 une ou plusieurs \u201cmise au ton\u201d. Le technicien effectue ainsi plusieurs passages en intervenant sur chaque corde et chaque cheville (220 en moyenne) et visant qu\u2019un diapason se trouvant par exemple, au 415Hz, puisse atteindre une stabilit\u00e9 de tension \u00e0 la\u00a0fr\u00e9quence de 440Hz.<\/p>\n<!-- \/wp:list --><!-- wp:list -->\n<p><strong><em>L\u2019accord <\/em>:<\/strong> A la suite d\u2019une mise au ton, ou bien de mani\u00e8re r\u00e9guli\u00e8re (d\u2019une \u00e0 deux fois par an), il sera possible de proc\u00e9der \u00e0 un accord pour ajuster le diapason du piano (ayant pu monter ou chuter). L\u2019accord permet aussi de faire un travail sur chaque note qui, compos\u00e9e de deux ou de trois cordes et mises \u201c\u00e0 l\u2019unisson\u201d, permet au musicien d\u2019entendre un son unifi\u00e9 et distinct.<\/p>\n<!-- \/wp:list --><!-- wp:list -->\n<p><strong>L\u2019hygrom\u00e9trie :<\/strong> La quantit\u00e9 d\u2019humidit\u00e9 ou de s\u00e9cheresse dans l\u2019air de la pi\u00e8ce o\u00f9 se trouve l\u2019instrument est d\u00e9terminante pour son fonctionnement. Il existe diff\u00e9rents types de mesures qui peuvent \u00eatre prises pour anticiper sa \u201cbonne sant\u00e9\u201d :<\/p>\n<ul>\n<li>positionnement de votre piano dans une pi\u00e8ce ;<\/li>\n<li>prise en compte des objets environnants (souvent \u00e9tant des sources nocives d\u2019hygrom\u00e9trie) ;<\/li>\n<li>mise en place d&rsquo;un hygrom\u00e8tre ou d&rsquo;un diffuseur d\u2019air sec permettrait \u00e0 votre instrument de perdurer dans les meilleures conditions.<\/li>\n<\/ul>\n<!-- \/wp:list -->\t\t\t\t\t<\/div>\n\t\t\t\t\t\t<\/div>\n\t\t\t\t<\/div>\n\t\t\t\t\t\t<\/div>\n\t\t\t\t\t<\/div>\n\t\t<\/div>\n\t\t\t\t\t\t\t\t<\/div>\n\t\t\t\t\t<\/div>\n\t\t<\/section>\n\t\t\t\t<section class=\"elementor-section elementor-top-section elementor-element elementor-element-9cee005 elementor-section-boxed elementor-section-height-default elementor-section-height-default\" data-id=\"9cee005\" data-element_type=\"section\">\n\t\t\t\t\t\t<div class=\"elementor-container elementor-column-gap-default\">\n\t\t\t\t\t\t\t<div class=\"elementor-row\">\n\t\t\t\t\t<div class=\"elementor-column elementor-col-100 elementor-top-column elementor-element elementor-element-70559c6\" data-id=\"70559c6\" data-element_type=\"column\">\n\t\t\t<div class=\"elementor-column-wrap elementor-element-populated\">\n\t\t\t\t\t\t\t<div class=\"elementor-widget-wrap\">\n\t\t\t\t\t\t<div class=\"elementor-element elementor-element-9835cae elementor-widget elementor-widget-heading\" data-id=\"9835cae\" data-element_type=\"widget\" data-widget_type=\"heading.default\">\n\t\t\t\t<div class=\"elementor-widget-container\">\n\t\t\t<h2 class=\"elementor-heading-title elementor-size-default\">Harmonisation<\/h2>\t\t<\/div>\n\t\t\t\t<\/div>\n\t\t\t\t\t\t<\/div>\n\t\t\t\t\t<\/div>\n\t\t<\/div>\n\t\t\t\t\t\t\t\t<\/div>\n\t\t\t\t\t<\/div>\n\t\t<\/section>\n\t\t\t\t<section class=\"elementor-section elementor-top-section elementor-element elementor-element-7bf0872 elementor-section-boxed elementor-section-height-default elementor-section-height-default\" data-id=\"7bf0872\" data-element_type=\"section\">\n\t\t\t\t\t\t<div class=\"elementor-container elementor-column-gap-default\">\n\t\t\t\t\t\t\t<div class=\"elementor-row\">\n\t\t\t\t\t<div class=\"elementor-column elementor-col-100 elementor-top-column elementor-element elementor-element-5614e56\" data-id=\"5614e56\" data-element_type=\"column\">\n\t\t\t<div class=\"elementor-column-wrap elementor-element-populated\">\n\t\t\t\t\t\t\t<div class=\"elementor-widget-wrap\">\n\t\t\t\t\t\t<div class=\"elementor-element elementor-element-ac80576 elementor-widget elementor-widget-text-editor\" data-id=\"ac80576\" data-element_type=\"widget\" data-widget_type=\"text-editor.default\">\n\t\t\t\t<div class=\"elementor-widget-container\">\n\t\t\t\t\t\t\t\t<div class=\"elementor-text-editor elementor-clearfix\">\n\t\t\t\t<p>La sonorit\u00e9 est un&nbsp;\u00e9l\u00e9ment fondamental de la qualit\u00e9 d&rsquo;un instrument.<\/p>\n<p>L&rsquo;accord est un ajustement de la tension et le r\u00e9glage un ajustement du \u00ab\u00a0toucher\u00a0\u00bb.<\/p>\n<p>Ils s&rsquo;av\u00e8rent \u00eatre un ensemble structurel et sonore de l&rsquo;instrument d&rsquo;origine.<\/p>\n<p>Toutefois le technicien pourra modifier cette sonorit\u00e9 conform\u00e9ment aux d\u00e9sirs de son propri\u00e9taire ou d&rsquo;une demande particuli\u00e8re ou bien selon des crit\u00e8res acoustiques dus \u00e0 la salle par exemple.<\/p>\n<p>Le son d&rsquo;un piano, selon les situations, peut \u00eatre class\u00e9 comme :<\/p>\n<ul>\n<li>M\u00e9tallique<\/li>\n<li>Feutr\u00e9<\/li>\n<li>Sec<\/li>\n<li>Moelleux<\/li>\n<\/ul>\n<p><span style=\"font-size: 0.9375rem;\">Les seules obligations nominatives sur l&rsquo;ensemble du clavier sont l&rsquo;\u00e9galit\u00e9 et bien-s\u00fbr, la musicalit\u00e9.<\/span><\/p><p><span style=\"font-size: 0.9375rem;\">Au-del\u00e0 de certaines donn\u00e9es de la facture initiale de l&rsquo;instrument, le technicien pourra travailler sur quelques facteurs susceptibles d&rsquo;alt\u00e9rer et de modifier la sonorit\u00e9 globale.&nbsp;Ce travail porte essentiellement sur les feutres de marteaux que l&rsquo;on peut assouplir par un proc\u00e9d\u00e9 de piquage manuel.&nbsp;En travaillant sur divers endroits des feutres de marteaux, le technicien pourra faire ressortir ou att\u00e9nuer certaines harmoniques.&nbsp;Ce travail d&rsquo;harmonisation reste la t\u00e2che la plus complexe et d\u00e9licate \u00e0 r\u00e9aliser, car elle requiert une habilet\u00e9, une concentration, et compr\u00e9hension du son et de l&rsquo;instrument.<\/span><br><\/p>\t\t\t\t\t<\/div>\n\t\t\t\t\t\t<\/div>\n\t\t\t\t<\/div>\n\t\t\t\t\t\t<\/div>\n\t\t\t\t\t<\/div>\n\t\t<\/div>\n\t\t\t\t\t\t\t\t<\/div>\n\t\t\t\t\t<\/div>\n\t\t<\/section>\n\t\t\t\t\t\t\t\t\t<\/div>\n\t\t\t<\/div>\n\t\t\t\t\t<\/div>\n\t\t","protected":false},"excerpt":{"rendered":"<p>Accord Un piano est calcul\u00e9 pour&nbsp;sonner au mieux sur la base d&rsquo;une fr\u00e9quence pr\u00e9cise et \u00e9quilibr\u00e9e dans sa tension globale (environ 15 tonnes). Chaque note accord\u00e9e sera r\u00e9partie de mani\u00e8re \u00e9quilibr\u00e9e et maintenue au plus pr\u00e8s de sa vibration juste. Le technicien effectue ce que l&rsquo;on nomme un \u00ab\u00a0temp\u00e9rament \u00e9gal\u00a0\u00bb&#8230;.<\/p>\n","protected":false},"author":1,"featured_media":0,"parent":0,"menu_order":0,"comment_status":"closed","ping_status":"closed","template":"elementor_header_footer","meta":{"footnotes":""},"class_list":["post-29","page","type-page","status-publish","hentry"],"jetpack_sharing_enabled":true,"_links":{"self":[{"href":"https:\/\/pianoservice.fr\/index.php\/wp-json\/wp\/v2\/pages\/29","targetHints":{"allow":["GET"]}}],"collection":[{"href":"https:\/\/pianoservice.fr\/index.php\/wp-json\/wp\/v2\/pages"}],"about":[{"href":"https:\/\/pianoservice.fr\/index.php\/wp-json\/wp\/v2\/types\/page"}],"author":[{"embeddable":true,"href":"https:\/\/pianoservice.fr\/index.php\/wp-json\/wp\/v2\/users\/1"}],"replies":[{"embeddable":true,"href":"https:\/\/pianoservice.fr\/index.php\/wp-json\/wp\/v2\/comments?post=29"}],"version-history":[{"count":18,"href":"https:\/\/pianoservice.fr\/index.php\/wp-json\/wp\/v2\/pages\/29\/revisions"}],"predecessor-version":[{"id":1411,"href":"https:\/\/pianoservice.fr\/index.php\/wp-json\/wp\/v2\/pages\/29\/revisions\/1411"}],"wp:attachment":[{"href":"https:\/\/pianoservice.fr\/index.php\/wp-json\/wp\/v2\/media?parent=29"}],"curies":[{"name":"wp","href":"https:\/\/api.w.org\/{rel}","templated":true}]}}