{"id":32,"date":"2020-04-10T16:17:50","date_gmt":"2020-04-10T14:17:50","guid":{"rendered":"https:\/\/pianoservice.fr\/?page_id=32"},"modified":"2020-07-23T16:08:50","modified_gmt":"2020-07-23T14:08:50","slug":"restauration","status":"publish","type":"page","link":"https:\/\/pianoservice.fr\/index.php\/restauration\/","title":{"rendered":"Restauration"},"content":{"rendered":"\t\t<div data-elementor-type=\"wp-page\" data-elementor-id=\"32\" class=\"elementor elementor-32\">\n\t\t\t\t\t\t<div class=\"elementor-inner\">\n\t\t\t\t<div class=\"elementor-section-wrap\">\n\t\t\t\t\t\t\t\t\t<section class=\"elementor-section elementor-top-section elementor-element elementor-element-57ba989 elementor-section-boxed elementor-section-height-default elementor-section-height-default\" data-id=\"57ba989\" data-element_type=\"section\">\n\t\t\t\t\t\t<div class=\"elementor-container elementor-column-gap-default\">\n\t\t\t\t\t\t\t<div class=\"elementor-row\">\n\t\t\t\t\t<div class=\"elementor-column elementor-col-100 elementor-top-column elementor-element elementor-element-380eb5e\" data-id=\"380eb5e\" data-element_type=\"column\">\n\t\t\t<div class=\"elementor-column-wrap elementor-element-populated\">\n\t\t\t\t\t\t\t<div class=\"elementor-widget-wrap\">\n\t\t\t\t\t\t<div class=\"elementor-element elementor-element-cea7fd4 elementor-widget elementor-widget-text-editor\" data-id=\"cea7fd4\" data-element_type=\"widget\" data-widget_type=\"text-editor.default\">\n\t\t\t\t<div class=\"elementor-widget-container\">\n\t\t\t\t\t\t\t\t<div class=\"elementor-text-editor elementor-clearfix\">\n\t\t\t\t<p>Cette op\u00e9ration sera logiquement r\u00e9serv\u00e9e pour des pianos ayant subis des d\u00e9g\u00e2ts importants bien souvent dus \u00e0 leurs grands \u00e2ges.<\/p><p>La restauration est un travail qui requiert toutes les comp\u00e9tences d&rsquo;un technicien et de son savoir-faire.<\/p><p>Il s&rsquo;agit d&rsquo;une reconstruction globale de l&rsquo;instrument tout en respectant les proc\u00e9d\u00e9s de facture de celui-ci par rapport \u00e0 son \u00e9poque.<\/p><ul><li><strong>Le poids du temps :<\/strong> La restauration est souvent r\u00e9serv\u00e9e pour des pianos d&rsquo;int\u00e9r\u00eat ou de historique ou de tr\u00e8s bonne fabrication.\u00a0<\/li><li><strong>L\u2019importante intrication entre les connaissances th\u00e9oriques et les proc\u00e9d\u00e9s de restauration :\u00a0<\/strong>La restauration m\u00eale toutes les comp\u00e9tences du m\u00e9tier de facteur de piano et aussi d&rsquo;organologie, voire de recherches arch\u00e9ologiques. Il est parfois n\u00e9cessaire sur certains instruments d&rsquo;effectuer des recherches sur les diff\u00e9rents mat\u00e9riaux utilis\u00e9s comme les cordes, les diff\u00e9rents feutres ou bien les bois, voire parfois d&rsquo;alliages de m\u00e9taux.<em style=\"font-size: 0.9375rem;\">\u00a0<\/em><\/li><li><strong>La restauration d\u2019une structure harmonique :\u00a0<\/strong>Cette op\u00e9ration s&rsquo;effectue uniquement en atelier et doit \u00eatre effectu\u00e9e avec un mat\u00e9riel sp\u00e9cifique et s\u00e9curis\u00e9. Il est tr\u00e8s souvent n\u00e9cessaire d&rsquo;enlever le cadre pesant plusieurs centaines de kilos avec un \u00e9l\u00e9vateur ou un palan, afin de refaire ou de restaurer la table d&rsquo;harmonie en \u00ab\u00a0flippotant\u00a0\u00bb les fentes du bois et ensuite de \u00ab\u00a0recorder\u00a0\u00bb l&rsquo;ensemble du piano en changeant toutes les chevilles et les cordes. On se doit aussi d&rsquo;\u00eatre \u00e9quip\u00e9 de machines \u00e0 bois pour refaire certaines pi\u00e8ces d\u00e9grad\u00e9es qui n&rsquo;existent plus.<\/li><li><strong>L&rsquo;outillage et les produits sp\u00e9cifiques \u00e0 la restauration : <\/strong>Nous sommes amen\u00e9s \u00e0 utiliser\u00a0des produits chimiques tels que l&rsquo;eau oxyg\u00e9n\u00e9e, divers alcools, vernis, dorures (exemple pour le blanchiment des touches en ivoire, revernissage des tables). Pour une question de mesures de s\u00e9curit\u00e9 et d&rsquo;hygi\u00e8ne, ces t\u00e2ches sont r\u00e9alis\u00e9es en nos ateliers.\u00a0<\/li><\/ul>\t\t\t\t\t<\/div>\n\t\t\t\t\t\t<\/div>\n\t\t\t\t<\/div>\n\t\t\t\t\t\t<\/div>\n\t\t\t\t\t<\/div>\n\t\t<\/div>\n\t\t\t\t\t\t\t\t<\/div>\n\t\t\t\t\t<\/div>\n\t\t<\/section>\n\t\t\t\t\t\t\t\t\t<\/div>\n\t\t\t<\/div>\n\t\t\t\t\t<\/div>\n\t\t","protected":false},"excerpt":{"rendered":"<p>Cette op\u00e9ration sera logiquement r\u00e9serv\u00e9e pour des pianos ayant subis des d\u00e9g\u00e2ts importants bien souvent dus \u00e0 leurs grands \u00e2ges. La restauration est un travail qui requiert toutes les comp\u00e9tences d&rsquo;un technicien et de son savoir-faire. Il s&rsquo;agit d&rsquo;une reconstruction globale de l&rsquo;instrument tout en respectant les proc\u00e9d\u00e9s de facture&#8230;<\/p>\n","protected":false},"author":1,"featured_media":0,"parent":0,"menu_order":0,"comment_status":"closed","ping_status":"closed","template":"elementor_header_footer","meta":{"footnotes":""},"class_list":["post-32","page","type-page","status-publish","hentry"],"jetpack_sharing_enabled":true,"_links":{"self":[{"href":"https:\/\/pianoservice.fr\/index.php\/wp-json\/wp\/v2\/pages\/32","targetHints":{"allow":["GET"]}}],"collection":[{"href":"https:\/\/pianoservice.fr\/index.php\/wp-json\/wp\/v2\/pages"}],"about":[{"href":"https:\/\/pianoservice.fr\/index.php\/wp-json\/wp\/v2\/types\/page"}],"author":[{"embeddable":true,"href":"https:\/\/pianoservice.fr\/index.php\/wp-json\/wp\/v2\/users\/1"}],"replies":[{"embeddable":true,"href":"https:\/\/pianoservice.fr\/index.php\/wp-json\/wp\/v2\/comments?post=32"}],"version-history":[{"count":2,"href":"https:\/\/pianoservice.fr\/index.php\/wp-json\/wp\/v2\/pages\/32\/revisions"}],"predecessor-version":[{"id":1336,"href":"https:\/\/pianoservice.fr\/index.php\/wp-json\/wp\/v2\/pages\/32\/revisions\/1336"}],"wp:attachment":[{"href":"https:\/\/pianoservice.fr\/index.php\/wp-json\/wp\/v2\/media?parent=32"}],"curies":[{"name":"wp","href":"https:\/\/api.w.org\/{rel}","templated":true}]}}