{"id":37,"date":"2020-04-10T16:19:03","date_gmt":"2020-04-10T14:19:03","guid":{"rendered":"https:\/\/pianoservice.fr\/?page_id=37"},"modified":"2020-08-31T10:08:36","modified_gmt":"2020-08-31T08:08:36","slug":"entretien","status":"publish","type":"page","link":"https:\/\/pianoservice.fr\/index.php\/entretien\/","title":{"rendered":"Entretien"},"content":{"rendered":"\t\t<div data-elementor-type=\"wp-page\" data-elementor-id=\"37\" class=\"elementor elementor-37\">\n\t\t\t\t\t\t<div class=\"elementor-inner\">\n\t\t\t\t<div class=\"elementor-section-wrap\">\n\t\t\t\t\t\t\t\t\t<section class=\"elementor-section elementor-top-section elementor-element elementor-element-2194afc7 elementor-section-boxed elementor-section-height-default elementor-section-height-default\" data-id=\"2194afc7\" data-element_type=\"section\">\n\t\t\t\t\t\t<div class=\"elementor-container elementor-column-gap-default\">\n\t\t\t\t\t\t\t<div class=\"elementor-row\">\n\t\t\t\t\t<div class=\"elementor-column elementor-col-100 elementor-top-column elementor-element elementor-element-21a0776\" data-id=\"21a0776\" data-element_type=\"column\">\n\t\t\t<div class=\"elementor-column-wrap elementor-element-populated\">\n\t\t\t\t\t\t\t<div class=\"elementor-widget-wrap\">\n\t\t\t\t\t\t<div class=\"elementor-element elementor-element-169cf68d elementor-widget elementor-widget-text-editor\" data-id=\"169cf68d\" data-element_type=\"widget\" data-widget_type=\"text-editor.default\">\n\t\t\t\t<div class=\"elementor-widget-container\">\n\t\t\t\t\t\t\t\t<div class=\"elementor-text-editor elementor-clearfix\">\n\t\t\t\t<!-- wp:paragraph -->\n<p>Un piano requiert une r\u00e9vision p\u00e9riodique sur l&rsquo;ensemble de la m\u00e9canique.<\/p>\n<!-- \/wp:paragraph --><!-- wp:paragraph -->\n<p>Il s&rsquo;agit d&rsquo;un ajustement des \u00e9l\u00e9ments qui composent le clavier et la m\u00e9canique. Afin de compenser l&rsquo;usure des garnitures, des tissus et de l&rsquo;usure du bois.<\/p>\n<!-- \/wp:paragraph --><!-- wp:paragraph -->\n<p>Ce r\u00e9glage permet d&rsquo;assurer un \u00ab\u00a0toucher\u00a0\u00bb uniforme et une r\u00e9p\u00e9tition satisfaisante en corr\u00e9lation avec une dynamique et une v\u00e9locit\u00e9 \u00e9tendues du pianissimo au fortissimo.<\/p>\n<!-- \/wp:paragraph --><!-- wp:paragraph -->\n<p>Avec plus de 35 points d&rsquo;ajustement par note pour un piano \u00e0 queue et 25 pour un piano droit, le r\u00e9glage est une discipline qui requiert une certaine dext\u00e9rit\u00e9.<\/p>\n<!-- \/wp:paragraph --><!-- wp:list -->\n<ul>\n<li><strong>Fr\u00e9quence d&rsquo;entretien<\/strong><\/li>\n<\/ul>\n<!-- \/wp:list --><!-- wp:paragraph -->\n<p>La plupart des pianos n\u00e9cessite un r\u00e9glage apr\u00e8s les 6 mois qui suivent l&rsquo;achat, qu&rsquo;il soit neuf ou d&rsquo;occasion. En raison du tassement des feutres et des tissus\u00a0qui absorbent les chocs entre les pi\u00e8ces m\u00e9caniques.<\/p>\n<!-- \/wp:paragraph --><!-- wp:paragraph -->\n<p>Apr\u00e8s ce 1er entretien, un piano ne sera r\u00e9gl\u00e9 que tous les 5 ans.<\/p>\n<!-- \/wp:paragraph --><!-- wp:paragraph -->\n<p>Mais cela reste variable selon l&rsquo;usage :<\/p>\n<!-- \/wp:paragraph --><!-- wp:paragraph -->\n<p>Pour un pianiste professionnel, le r\u00e9glage exige d&rsquo;\u00eatre effectu\u00e9 chaque ann\u00e9e \u00e9tant donn\u00e9e l&rsquo;intensit\u00e9 de la pratique musicale.<\/p>\n<!-- \/wp:paragraph --><!-- wp:list -->\n<ul>\n<li><strong>Hygrom\u00e9trie<\/strong><\/li>\n<\/ul>\n<!-- \/wp:list --><!-- wp:paragraph -->\n<p>Les variations hygrom\u00e9triques n&rsquo;affectent pas seulement l&rsquo;accord mais la m\u00e9canique et le clavier.<\/p>\n<!-- \/wp:paragraph --><!-- wp:paragraph -->\n<p>Les bois travaillent avec l&rsquo;humidit\u00e9 ou la s\u00e9cheresse.<\/p>\n<!-- \/wp:paragraph --><!-- wp:paragraph -->\n<p>Cela se traduit souvent par une m\u00e9canique bruyante et une usure in\u00e9gale que le technicien peut parfois corriger lors de son passage annuel.<\/p>\n<!-- \/wp:paragraph --><!-- wp:paragraph -->\n<p>Mais avec le temps il faudra tout de m\u00eame un r\u00e9glage complet pour garder et maintenir : l&rsquo;\u00e9galit\u00e9, la r\u00e9activit\u00e9 et l&rsquo;homog\u00e9n\u00e9it\u00e9 du\u00a0\u00bb toucher\u00a0\u00bb dans son ensemble.<\/p>\n<!-- \/wp:paragraph -->\t\t\t\t\t<\/div>\n\t\t\t\t\t\t<\/div>\n\t\t\t\t<\/div>\n\t\t\t\t\t\t<\/div>\n\t\t\t\t\t<\/div>\n\t\t<\/div>\n\t\t\t\t\t\t\t\t<\/div>\n\t\t\t\t\t<\/div>\n\t\t<\/section>\n\t\t\t\t\t\t\t\t\t<\/div>\n\t\t\t<\/div>\n\t\t\t\t\t<\/div>\n\t\t","protected":false},"excerpt":{"rendered":"<p>Un piano requiert une r\u00e9vision p\u00e9riodique sur l&rsquo;ensemble de la m\u00e9canique. Il s&rsquo;agit d&rsquo;un ajustement des \u00e9l\u00e9ments qui composent le clavier et la m\u00e9canique. Afin de compenser l&rsquo;usure des garnitures, des tissus et de l&rsquo;usure du bois. Ce r\u00e9glage permet d&rsquo;assurer un \u00ab\u00a0toucher\u00a0\u00bb uniforme et une r\u00e9p\u00e9tition satisfaisante en corr\u00e9lation&#8230;<\/p>\n","protected":false},"author":1,"featured_media":0,"parent":0,"menu_order":0,"comment_status":"closed","ping_status":"closed","template":"elementor_header_footer","meta":{"footnotes":""},"class_list":["post-37","page","type-page","status-publish","hentry"],"jetpack_sharing_enabled":true,"_links":{"self":[{"href":"https:\/\/pianoservice.fr\/index.php\/wp-json\/wp\/v2\/pages\/37","targetHints":{"allow":["GET"]}}],"collection":[{"href":"https:\/\/pianoservice.fr\/index.php\/wp-json\/wp\/v2\/pages"}],"about":[{"href":"https:\/\/pianoservice.fr\/index.php\/wp-json\/wp\/v2\/types\/page"}],"author":[{"embeddable":true,"href":"https:\/\/pianoservice.fr\/index.php\/wp-json\/wp\/v2\/users\/1"}],"replies":[{"embeddable":true,"href":"https:\/\/pianoservice.fr\/index.php\/wp-json\/wp\/v2\/comments?post=37"}],"version-history":[{"count":10,"href":"https:\/\/pianoservice.fr\/index.php\/wp-json\/wp\/v2\/pages\/37\/revisions"}],"predecessor-version":[{"id":1394,"href":"https:\/\/pianoservice.fr\/index.php\/wp-json\/wp\/v2\/pages\/37\/revisions\/1394"}],"wp:attachment":[{"href":"https:\/\/pianoservice.fr\/index.php\/wp-json\/wp\/v2\/media?parent=37"}],"curies":[{"name":"wp","href":"https:\/\/api.w.org\/{rel}","templated":true}]}}